{"id":1673,"date":"2022-06-21T11:38:23","date_gmt":"2022-06-21T09:38:23","guid":{"rendered":"https:\/\/ww2.stalam.com\/richiesta-download-cataloghi\/"},"modified":"2024-12-13T10:32:07","modified_gmt":"2024-12-13T09:32:07","slug":"solicitud-descarga-catalogo","status":"publish","type":"page","link":"https:\/\/ww2.stalam.com\/es\/solicitud-descarga-catalogo\/","title":{"rendered":"Solicitud \/ Descarga de cat\u00e1logo"},"content":{"rendered":"\n<script>location.href=\"https:\/\/www.stalam.com\/es\/solicitud-de-catalogo\/\";<\/script>\n\n\n<h1>SOLICITUD \/ DESCARGA DE CAT\u00c1LOGO<\/h1>\n<form enctype=\"multipart\/form-data\" method=\"post\" id=\"form_richiesta-catalogo-es\"  >\n<fieldset>\n<legend>Richiesta catalogo es<\/legend>\n<p><input type=\"hidden\" name=\"frm_action\" value=\"create\" \/><br \/>\n<input type=\"hidden\" name=\"form_id\" value=\"13\" \/><br \/>\n<input type=\"hidden\" name=\"frm_hide_fields_13\" id=\"frm_hide_fields_13\" value=\"\" \/><br \/>\n<input type=\"hidden\" name=\"form_key\" value=\"richiesta-catalogo-es\" \/><br \/>\n<input type=\"hidden\" name=\"item_meta[0]\" value=\"\" \/><br \/>\n<input type=\"hidden\" id=\"frm_submit_entry_13\" name=\"frm_submit_entry_13\" value=\"70f7fc39fd\" \/><input type=\"hidden\" name=\"_wp_http_referer\" value=\"\/wp-admin\/admin-ajax.php\" \/><br \/>\n    <label for=\"field_qh4icy83\" id=\"field_qh4icy83_label\">Nombre<br \/>\n        *<br \/>\n    <\/label><br \/>\n    <input type=\"text\" id=\"field_qh4icy83\" name=\"item_meta[130]\" value=\"\"  data-reqmsg=\"This field cannot be empty.\" aria-required=\"true\" data-invmsg=\"Name non \u00e8 valido\" aria-invalid=\"false\"  \/><br \/>\n    <label for=\"field_ocfup183\" id=\"field_ocfup183_label\">Apellido<br \/>\n        *<br \/>\n    <\/label><br \/>\n    <input type=\"text\" id=\"field_ocfup183\" name=\"item_meta[131]\" value=\"\"  data-reqmsg=\"This field cannot be empty.\" aria-required=\"true\" data-invmsg=\"Last non \u00e8 valido\" aria-invalid=\"false\"  \/><br \/>\n    <label for=\"field_29yf4d83\" id=\"field_29yf4d83_label\">Email<br \/>\n        *<br \/>\n    <\/label><br \/>\n    <input type=\"email\" id=\"field_29yf4d83\" name=\"item_meta[132]\" value=\"\"  data-reqmsg=\"This field cannot be empty.\" aria-required=\"true\" data-invmsg=\"Please enter a valid email address\" aria-invalid=\"false\"  \/><br \/>\n    <label for=\"field_uvfl33\" id=\"field_uvfl33_label\">Pa\u00eds \/ Regi\u00f3n<br \/>\n        *<br \/>\n    <\/label><br \/>\n    <input type=\"text\" id=\"field_uvfl33\" name=\"item_meta[133]\" value=\"\"  data-reqmsg=\"This field cannot be empty.\" aria-required=\"true\" data-invmsg=\"Last non \u00e8 valido\" aria-invalid=\"false\"  \/><br \/>\n    <label for=\"field_zbzqt3\" id=\"field_zbzqt3_label\">Agencia<br \/>\n        *<br \/>\n    <\/label><br \/>\n    <input type=\"text\" id=\"field_zbzqt3\" name=\"item_meta[134]\" value=\"\"  data-reqmsg=\"This field cannot be empty.\" aria-required=\"true\" data-invmsg=\"Last non \u00e8 valido\" aria-invalid=\"false\"  \/><br \/>\n    <label for=\"field_e6lis683\" id=\"field_e6lis683_label\">Tel\u00e9fono<br \/>\n        *<br \/>\n    <\/label><br \/>\n    <input type=\"tel\" id=\"field_e6lis683\" name=\"item_meta[135]\" value=\"\"  data-reqmsg=\"This field cannot be empty.\" aria-required=\"true\" data-invmsg=\"Phone is not valid.\" aria-invalid=\"false\" pattern=\"((+d{1,3}(-|.| )?(?d)?(-| |.)?d{1,5})|((?d{2,6})?))(-|.| )?(d{3,4})(-|.| )?(d{4})(( x| ext)d{1,5}){0,1}$\"  \/><br \/>\n    <label for=\"field_8khu73\" id=\"field_8khu73_label\">Website<br \/>\n    <\/label><br \/>\n    <input type=\"text\" id=\"field_8khu73\" name=\"item_meta[136]\" value=\"\"  data-invmsg=\"Phone is not valid.\" aria-invalid=\"false\"  \/><br \/>\n    Seleccione el cat\u00e1logo<br \/>\n        *<br \/>\n    \t\t<label for=\"field_y4pe73-0\"><input type=\"checkbox\" name=\"item_meta[137][]\" id=\"field_y4pe73-0\" value=\"Defrosting catalogue\"  data-reqmsg=\"Questo campo non pu\u00f2 essere vuoto.\" aria-required=\"true\" data-invmsg=\"Seleccione el cat\u00e1logo is invalid\" aria-invalid=\"false\"   \/> Defrosting catalogue<\/label><br \/>\n\t\t<label for=\"field_y4pe73-1\"><input type=\"checkbox\" name=\"item_meta[137][]\" id=\"field_y4pe73-1\" value=\"Food Safety catalogue\"  data-reqmsg=\"Questo campo non pu\u00f2 essere vuoto.\" aria-required=\"true\" data-invmsg=\"Seleccione el cat\u00e1logo is invalid\" aria-invalid=\"false\"   \/> Food Safety catalogue<\/label><br \/>\n\t\t<label for=\"field_y4pe73-2\"><input type=\"checkbox\" name=\"item_meta[137][]\" id=\"field_y4pe73-2\" value=\"Textile \/ TechTextile catalogue\"  data-reqmsg=\"Questo campo non pu\u00f2 essere vuoto.\" aria-required=\"true\" data-invmsg=\"Seleccione el cat\u00e1logo is invalid\" aria-invalid=\"false\"   \/> Textile \/ TechTextile catalogue<\/label><br \/>\n    Privacy policy<br \/>\n        *<br \/>\n    \t\t<label for=\"field_937kl43-0\"><input type=\"checkbox\" name=\"item_meta[138][]\" id=\"field_937kl43-0\" value=\"He le\u00eddo y acepto la &lt;a href=&quot;privacy-policy&quot;&gt;pol\u00edtica de privacidad *&lt;\/a&gt;\"  data-reqmsg=\"This field cannot be empty.\" aria-required=\"true\" data-invmsg=\"Privacy policy is invalid\" aria-invalid=\"false\"   \/> He le\u00eddo y acepto la <a href=\"privacy-policy\">pol\u00edtica de privacidad *<\/a><\/label><br \/>\n    <label for=\"g-recaptcha-response\" id=\"field_6okd32_label\">reCAPTCHA<br \/>\n    <\/label><br \/>\n<input type=\"hidden\" name=\"item_meta[140]\" id=\"field_yal8432\" value=\"1\" data-frmval=\"1\"\/><br \/>\n\t<input type=\"hidden\" name=\"item_key\" value=\"\" \/><br \/>\n\t\t\t\t<label for=\"frm_email_13\"><br \/>\n\t\t\t\t\tIf you are human, leave this field blank.\t\t\t\t<\/label><br \/>\n\t\t\t\t<input type=\"text\" id=\"frm_email_13\" name=\"frm_verify\" value=\"\"  \/><br \/>\n\t\t<input name=\"frm_state\" type=\"hidden\" value=\"qzN2agzPDGYfaeziGaSF5GfXzaxzUg53xVDoxgBvojI=\" \/><br \/>\n<button type=\"submit\"   formnovalidate=\"formnovalidate\">Send<\/button><br \/>\n<\/fieldset>\n<\/form>","protected":false},"excerpt":{"rendered":"<p>SOLICITUD \/ DESCARGA DE CAT\u00c1LOGO Richiesta catalogo es Nombre * Apellido * Email * Pa\u00eds \/ Regi\u00f3n * Agencia * Tel\u00e9fono * Website Seleccione el cat\u00e1logo * Defrosting catalogue Food Safety catalogue Textile \/ TechTextile catalogue Privacy policy * He le\u00eddo y acepto la pol\u00edtica de privacidad * reCAPTCHA If you are human, leave this [&hellip;]<\/p>\n","protected":false},"author":1,"featured_media":0,"parent":0,"menu_order":0,"comment_status":"closed","ping_status":"closed","template":"template\/homepage-template.php","meta":{"footnotes":""},"class_list":["post-1673","page","type-page","status-publish","hentry"],"yoast_head":"<!-- This site is optimized with the Yoast SEO plugin v25.7 - https:\/\/yoast.com\/wordpress\/plugins\/seo\/ -->\n<title>Solicitud \/ Descarga de cat\u00e1logo | Stalam<\/title>\n<meta name=\"robots\" content=\"noindex, nofollow\" \/>\n<meta property=\"og:locale\" content=\"es_ES\" \/>\n<meta property=\"og:type\" content=\"article\" \/>\n<meta property=\"og:title\" content=\"Solicitud \/ Descarga de cat\u00e1logo | Stalam\" \/>\n<meta property=\"og:description\" content=\"SOLICITUD \/ DESCARGA DE CAT\u00c1LOGO Richiesta catalogo es Nombre * Apellido * Email * Pa\u00eds \/ Regi\u00f3n * Agencia * Tel\u00e9fono * Website Seleccione el cat\u00e1logo * Defrosting catalogue Food Safety catalogue Textile \/ TechTextile catalogue Privacy policy * He le\u00eddo y acepto la pol\u00edtica de privacidad * reCAPTCHA If you are human, leave this [&hellip;]\" \/>\n<meta property=\"og:url\" content=\"https:\/\/ww2.stalam.com\/es\/solicitud-descarga-catalogo\/\" \/>\n<meta property=\"og:site_name\" content=\"Stalam\" \/>\n<meta property=\"article:publisher\" content=\"https:\/\/www.facebook.com\/Stalam.RFequipment\/\" \/>\n<meta property=\"article:modified_time\" content=\"2024-12-13T09:32:07+00:00\" \/>\n<meta name=\"twitter:card\" content=\"summary_large_image\" \/>\n<meta name=\"twitter:label1\" content=\"Tiempo de lectura\" \/>\n\t<meta name=\"twitter:data1\" content=\"1 minuto\" \/>\n<script type=\"application\/ld+json\" class=\"yoast-schema-graph\">{\"@context\":\"https:\/\/schema.org\",\"@graph\":[{\"@type\":\"WebPage\",\"@id\":\"https:\/\/ww2.stalam.com\/es\/solicitud-descarga-catalogo\/\",\"url\":\"https:\/\/ww2.stalam.com\/es\/solicitud-descarga-catalogo\/\",\"name\":\"Solicitud \/ Descarga de cat\u00e1logo | Stalam\",\"isPartOf\":{\"@id\":\"https:\/\/ww2.stalam.com\/es\/#website\"},\"datePublished\":\"2022-06-21T09:38:23+00:00\",\"dateModified\":\"2024-12-13T09:32:07+00:00\",\"breadcrumb\":{\"@id\":\"https:\/\/ww2.stalam.com\/es\/solicitud-descarga-catalogo\/#breadcrumb\"},\"inLanguage\":\"es\",\"potentialAction\":[{\"@type\":\"ReadAction\",\"target\":[\"https:\/\/ww2.stalam.com\/es\/solicitud-descarga-catalogo\/\"]}]},{\"@type\":\"BreadcrumbList\",\"@id\":\"https:\/\/ww2.stalam.com\/es\/solicitud-descarga-catalogo\/#breadcrumb\",\"itemListElement\":[{\"@type\":\"ListItem\",\"position\":1,\"name\":\"Home\",\"item\":\"https:\/\/ww2.stalam.com\/es\/home-page\/\"},{\"@type\":\"ListItem\",\"position\":2,\"name\":\"Solicitud \/ Descarga de cat\u00e1logo\"}]},{\"@type\":\"WebSite\",\"@id\":\"https:\/\/ww2.stalam.com\/es\/#website\",\"url\":\"https:\/\/ww2.stalam.com\/es\/\",\"name\":\"Stalam\",\"description\":\"\",\"publisher\":{\"@id\":\"https:\/\/ww2.stalam.com\/es\/#organization\"},\"potentialAction\":[{\"@type\":\"SearchAction\",\"target\":{\"@type\":\"EntryPoint\",\"urlTemplate\":\"https:\/\/ww2.stalam.com\/es\/?s={search_term_string}\"},\"query-input\":{\"@type\":\"PropertyValueSpecification\",\"valueRequired\":true,\"valueName\":\"search_term_string\"}}],\"inLanguage\":\"es\"},{\"@type\":\"Organization\",\"@id\":\"https:\/\/ww2.stalam.com\/es\/#organization\",\"name\":\"Stalam\",\"url\":\"https:\/\/ww2.stalam.com\/es\/\",\"logo\":{\"@type\":\"ImageObject\",\"inLanguage\":\"es\",\"@id\":\"https:\/\/ww2.stalam.com\/es\/#\/schema\/logo\/image\/\",\"url\":\"https:\/\/ww2.stalam.com\/wp-content\/uploads\/2022\/05\/logo-stalam-1.png\",\"contentUrl\":\"https:\/\/ww2.stalam.com\/wp-content\/uploads\/2022\/05\/logo-stalam-1.png\",\"width\":571,\"height\":98,\"caption\":\"Stalam\"},\"image\":{\"@id\":\"https:\/\/ww2.stalam.com\/es\/#\/schema\/logo\/image\/\"},\"sameAs\":[\"https:\/\/www.facebook.com\/Stalam.RFequipment\/\",\"https:\/\/www.linkedin.com\/company\/stalam\/\",\"https:\/\/www.youtube.com\/channel\/UCcl2pZ10KrADorPJccCu43Q\"]}]}<\/script>\n<!-- \/ Yoast SEO plugin. -->","yoast_head_json":{"title":"Solicitud \/ Descarga de cat\u00e1logo | Stalam","robots":{"index":"noindex","follow":"nofollow"},"og_locale":"es_ES","og_type":"article","og_title":"Solicitud \/ Descarga de cat\u00e1logo | Stalam","og_description":"SOLICITUD \/ DESCARGA DE CAT\u00c1LOGO Richiesta catalogo es Nombre * Apellido * Email * Pa\u00eds \/ Regi\u00f3n * Agencia * Tel\u00e9fono * Website Seleccione el cat\u00e1logo * Defrosting catalogue Food Safety catalogue Textile \/ TechTextile catalogue Privacy policy * He le\u00eddo y acepto la pol\u00edtica de privacidad * reCAPTCHA If you are human, leave this [&hellip;]","og_url":"https:\/\/ww2.stalam.com\/es\/solicitud-descarga-catalogo\/","og_site_name":"Stalam","article_publisher":"https:\/\/www.facebook.com\/Stalam.RFequipment\/","article_modified_time":"2024-12-13T09:32:07+00:00","twitter_card":"summary_large_image","twitter_misc":{"Tiempo de lectura":"1 minuto"},"schema":{"@context":"https:\/\/schema.org","@graph":[{"@type":"WebPage","@id":"https:\/\/ww2.stalam.com\/es\/solicitud-descarga-catalogo\/","url":"https:\/\/ww2.stalam.com\/es\/solicitud-descarga-catalogo\/","name":"Solicitud \/ Descarga de cat\u00e1logo | Stalam","isPartOf":{"@id":"https:\/\/ww2.stalam.com\/es\/#website"},"datePublished":"2022-06-21T09:38:23+00:00","dateModified":"2024-12-13T09:32:07+00:00","breadcrumb":{"@id":"https:\/\/ww2.stalam.com\/es\/solicitud-descarga-catalogo\/#breadcrumb"},"inLanguage":"es","potentialAction":[{"@type":"ReadAction","target":["https:\/\/ww2.stalam.com\/es\/solicitud-descarga-catalogo\/"]}]},{"@type":"BreadcrumbList","@id":"https:\/\/ww2.stalam.com\/es\/solicitud-descarga-catalogo\/#breadcrumb","itemListElement":[{"@type":"ListItem","position":1,"name":"Home","item":"https:\/\/ww2.stalam.com\/es\/home-page\/"},{"@type":"ListItem","position":2,"name":"Solicitud \/ Descarga de cat\u00e1logo"}]},{"@type":"WebSite","@id":"https:\/\/ww2.stalam.com\/es\/#website","url":"https:\/\/ww2.stalam.com\/es\/","name":"Stalam","description":"","publisher":{"@id":"https:\/\/ww2.stalam.com\/es\/#organization"},"potentialAction":[{"@type":"SearchAction","target":{"@type":"EntryPoint","urlTemplate":"https:\/\/ww2.stalam.com\/es\/?s={search_term_string}"},"query-input":{"@type":"PropertyValueSpecification","valueRequired":true,"valueName":"search_term_string"}}],"inLanguage":"es"},{"@type":"Organization","@id":"https:\/\/ww2.stalam.com\/es\/#organization","name":"Stalam","url":"https:\/\/ww2.stalam.com\/es\/","logo":{"@type":"ImageObject","inLanguage":"es","@id":"https:\/\/ww2.stalam.com\/es\/#\/schema\/logo\/image\/","url":"https:\/\/ww2.stalam.com\/wp-content\/uploads\/2022\/05\/logo-stalam-1.png","contentUrl":"https:\/\/ww2.stalam.com\/wp-content\/uploads\/2022\/05\/logo-stalam-1.png","width":571,"height":98,"caption":"Stalam"},"image":{"@id":"https:\/\/ww2.stalam.com\/es\/#\/schema\/logo\/image\/"},"sameAs":["https:\/\/www.facebook.com\/Stalam.RFequipment\/","https:\/\/www.linkedin.com\/company\/stalam\/","https:\/\/www.youtube.com\/channel\/UCcl2pZ10KrADorPJccCu43Q"]}]}},"_links":{"self":[{"href":"https:\/\/ww2.stalam.com\/es\/wp-json\/wp\/v2\/pages\/1673","targetHints":{"allow":["GET"]}}],"collection":[{"href":"https:\/\/ww2.stalam.com\/es\/wp-json\/wp\/v2\/pages"}],"about":[{"href":"https:\/\/ww2.stalam.com\/es\/wp-json\/wp\/v2\/types\/page"}],"author":[{"embeddable":true,"href":"https:\/\/ww2.stalam.com\/es\/wp-json\/wp\/v2\/users\/1"}],"replies":[{"embeddable":true,"href":"https:\/\/ww2.stalam.com\/es\/wp-json\/wp\/v2\/comments?post=1673"}],"version-history":[{"count":10,"href":"https:\/\/ww2.stalam.com\/es\/wp-json\/wp\/v2\/pages\/1673\/revisions"}],"predecessor-version":[{"id":2249,"href":"https:\/\/ww2.stalam.com\/es\/wp-json\/wp\/v2\/pages\/1673\/revisions\/2249"}],"wp:attachment":[{"href":"https:\/\/ww2.stalam.com\/es\/wp-json\/wp\/v2\/media?parent=1673"}],"curies":[{"name":"wp","href":"https:\/\/api.w.org\/{rel}","templated":true}]}}